{"id":364,"date":"2014-11-28T02:24:01","date_gmt":"2014-11-28T00:24:01","guid":{"rendered":"http:\/\/torencon.com\/?page_id=364"},"modified":"2014-11-28T02:24:01","modified_gmt":"2014-11-28T00:24:01","slug":"gizlilik-politikasi-ve-kurallar","status":"publish","type":"page","link":"https:\/\/www.torencon.com\/tr\/gizlilik-politikasi-ve-kurallar\/","title":{"rendered":"Gizlilik Politikas\u0131 ve Kurallar"},"content":{"rendered":"<p>[et_pb_section fullwidth=&#8221;on&#8221; specialty=&#8221;off&#8221; transparent_background=&#8221;off&#8221; background_color=&#8221;#54afe3&#8243; inner_shadow=&#8221;off&#8221; parallax=&#8221;off&#8221; parallax_method=&#8221;off&#8221;][et_pb_fullwidth_header admin_label=&#8221;Fullwidth Header&#8221; title=&#8221;Gizlilik Politikas\u0131 ve Kurallar&#8221; background_layout=&#8221;dark&#8221; text_orientation=&#8221;center&#8221; \/][\/et_pb_section][et_pb_section transparent_background=&#8221;off&#8221; background_color=&#8221;#ffffff&#8221; inner_shadow=&#8221;off&#8221; parallax=&#8221;off&#8221; parallax_method=&#8221;off&#8221;][et_pb_row][et_pb_column type=&#8221;4_4&#8243;][et_pb_text admin_label=&#8221;Text&#8221; background_layout=&#8221;light&#8221; text_orientation=&#8221;left&#8221;]<\/p>\n<p><strong>Gizlilik Politikas\u0131<\/strong><\/p>\n<p style=\"text-align: justify;\">Bu Gizlilik Politikas\u0131 bu Site i\u00e7in ge\u00e7erlidir. Bu Site&#8217;yi terk ederken, ziyaret etti\u011finiz siteye ili\u015fkin gizlilik politikas\u0131n\u0131 l\u00fctfen okuyunuz. Bu Gizlilik Politikas\u0131&#8217;n\u0131 kabul etmiyorsan\u0131z, l\u00fctfen bu Site&#8217;yi kullanmay\u0131n\u0131z.<\/p>\n<p style=\"text-align: justify;\">Bu Site&#8217;ye girerek ve kullanarak, bu Gizlilik Politikas\u0131&#8217;n\u0131n \u015fartlar\u0131n\u0131 kabul ediyorsunuz.<\/p>\n<p><strong>Otomatik Olarak Toplanan Ki\u015fisel Olmayan Bilgi<\/strong><\/p>\n<p style=\"text-align: justify;\">TORENCON, web sitesini ziyaret edenlerin gizlili\u011fini korumay\u0131 ilke olarak benimsemi\u015ftir. L\u00fctfen, m\u00fc\u015fterilerimiz, payda\u015flar\u0131m\u0131z ve ilgili site bilgileri hakk\u0131ndaki toplu istatistikleri tan\u0131nm\u0131\u015f \u00fc\u00e7\u00fcnc\u00fc \u015fah\u0131slara verebilece\u011fimizi, ancak bu istatistiklerin ki\u015fisel tan\u0131mlay\u0131c\u0131 bilgi i\u00e7ermeyece\u011fini not ediniz.<\/p>\n<p><strong>Ki\u015fisel Bilgi<\/strong><\/p>\n<p style=\"text-align: justify;\">Sorular\u0131n\u0131za yan\u0131t verebilmek ve isteklerinizi yerine getirmek i\u00e7in, isminiz ve e-posta adresiniz gibi ki\u015fisel bilgileri istememiz gerekebilir. Bu bilgiyi, isteklerinize yan\u0131t vermek, sizinle e-posta yoluyla yeni \u00fcr\u00fcnlerimiz ve hizmetlerimiz hakk\u0131nda bilgi vermek amac\u0131yla ileti\u015fim kurmak i\u00e7in kullanabiliriz. Bize sundu\u011funuz ki\u015fisel bilgiye ek olarak, bu Site, \u0130nternet protokol adresiniz, bilgisayar\u0131n\u0131z\u0131n i\u015fletim sistemi, taray\u0131c\u0131 tipiniz, trafik bi\u00e7imleri ya da herhangi ilgili Web sitelerinin adresi gibi belirli teknik bilgiyi toplamam\u0131za imk\u00e2n veren teknolojileri kullanabilir.<\/p>\n<p><strong>G\u00fcvenlik<\/strong><\/p>\n<p style=\"text-align: justify;\">Ki\u015fisel bilgileri, ister \u015fahsen ister telefonla isterse \u0130nternet \u00fczerinden olsun, verirken her zaman risk bulundu\u011funu ve hi\u00e7bir teknoloji sisteminin tamamen g\u00fcvenli, &#8220;kurcalama&#8221; ya da &#8220;hacker-korumal\u0131&#8221; olmad\u0131\u011f\u0131n\u0131, TORENCON\u2019un ki\u015fisel bilginize yetkisiz eri\u015fim, hatal\u0131 kullan\u0131m ya da yanl\u0131\u015fl\u0131\u011f\u0131na ili\u015fkin riskleri \u00f6nlemek ve asgariye indirmek i\u00e7in gerekli tedbirleri almaya \u00e7aba sarf etti\u011fini not ediniz.<\/p>\n<p><strong>Toplanan verilerin do\u011frulu\u011fu<\/strong><\/p>\n<p style=\"text-align: justify;\">TORENCON kendi insiyatifinde ya da sizin talebinizle, TORENCON taraf\u0131ndan bu Site&#8217;nin i\u015fletimi i\u00e7in tutulan her t\u00fcrl\u00fc eksik, yanl\u0131\u015f ya da tarihi ge\u00e7mi\u015f ki\u015fisel bilgiyi yenileyecek, d\u00fczeltecek ya da silecektir.<\/p>\n<p><strong>Ziyaret\u00e7i kimli\u011fi<\/strong><\/p>\n<p style=\"text-align: justify;\">Zaman zaman, sizi tan\u0131mlamam\u0131za yard\u0131mc\u0131 olmas\u0131 i\u00e7in bilgisayar\u0131n\u0131za bilgi yerle\u015ftirilebilir. Bu bilgi, genel olarak &#8220;cookie&#8221; olarak bilinir. Ziyaret\u00e7ilerimizin bu Siteyi nas\u0131l ve ne zaman kulland\u0131\u011f\u0131n\u0131 g\u00f6steren bu bilgi, Sitemizi geli\u015ftirmemizde bize yard\u0131mc\u0131 olabilir. Cookie&#8217;leri, hard diskinizdeki bu Site&#8217;den bir cookie taraf\u0131ndan konulmu\u015f bilgileri izlemek i\u00e7in kullanaca\u011f\u0131z. Cookie kullan\u0131m\u0131, bir sanayi standard\u0131d\u0131r ve bir\u00e7ok web sitesi bunlar\u0131 kullanmaktad\u0131r. Cookie&#8217;ler bilgisayar\u0131n\u0131za kaydedilir, Site&#8217;ye de\u011fil. Cookie almak istiyorsan\u0131z ya da ne zaman yerle\u015ftirildiklerini bilmek istiyorsan\u0131z, web taray\u0131c\u0131n\u0131zda bu \u00f6zellik varsa, web taray\u0131c\u0131n\u0131z\u0131 bunu yapacak \u015fekilde ayarlayabilirsiniz.<\/p>\n<p><strong>De\u011fi\u015fiklikler<\/strong><\/p>\n<p style=\"text-align: justify;\">Diledi\u011fimiz zaman ya da bildirimde bulunmadan bu Gizlilik Politikas\u0131&#8217;n\u0131 de\u011fi\u015ftirebilir, bu Siteye ya da bu sayfalara eri\u015fimi de\u011fi\u015ftirebilir ya da kald\u0131rabiliriz.<\/p>\n<p><strong>Kurallar<\/strong><\/p>\n<p style=\"text-align: justify;\">TORENCON World Wide Web sayfalar\u0131na girdi\u011finizde, a\u015fa\u011f\u0131daki \u015fartlar\u0131 kabul ediyorsunuz. A\u015fa\u011f\u0131daki ko\u015fullar\u0131 kabul etmiyorsan\u0131z, siteyi kullanman\u0131za izin vermemi\u015f oldu\u011fumuzu bildiririz.<\/p>\n<p style=\"text-align: justify;\">TORENCON World Wide Web sayfalar\u0131n\u0131n i\u00e7eri\u011finin telif hakk\u0131 TORENCON M\u00fchendislik ve Dan\u0131\u015fmanl\u0131k Makine San. ve Tic. Ltd. \u015eti.\u2019ye aittir. TORENCON\u2019un \u00f6nceden yaz\u0131l\u0131 onay\u0131 olmadan i\u00e7eri\u011fin t\u00fcm\u00fcn\u00fcn ya da bir k\u0131sm\u0131n\u0131n herhangi bir bi\u00e7imde \u00e7o\u011falt\u0131lmas\u0131, aktar\u0131lmas\u0131, da\u011f\u0131t\u0131m\u0131 ya da saklanmas\u0131, a\u015fa\u011f\u0131daki ko\u015fullara uygun olmad\u0131\u011f\u0131 s\u00fcrece yasaklanm\u0131\u015ft\u0131r. TORENCON, TORENCON World Wide Web sayfalar\u0131n\u0131 bilgisayar\u0131n\u0131z \u00fczerinde tarama, bu sayfalardan yaln\u0131z kendi kullan\u0131m\u0131n\u0131z i\u00e7in kopya \u00e7\u0131kt\u0131s\u0131 alman\u0131za izin vermektedir. Bunlar\u0131n yeniden da\u011f\u0131t\u0131m\u0131 i\u00e7in TORENCON&#8217;dan yaz\u0131l\u0131 izin almak zorundas\u0131n\u0131z. World Wide Web sayfalar\u0131m\u0131zdaki ayr\u0131 ayr\u0131 belgeler, s\u00f6z konusu belgelerde bildirilen ilave ko\u015fullara tabi olabilirler.<\/p>\n<p style=\"text-align: justify;\">Bu sitenin ve i\u00e7eri\u011finin kullan\u0131m\u0131 \u00f6zel, ticaret d\u0131\u015f\u0131 kullan\u0131m i\u00e7in yasak de\u011fildir. Bas\u0131n b\u00fcltenlerinin ve genel olarak s\u0131n\u0131fland\u0131r\u0131lm\u0131\u015f di\u011fer belgelerin kullan\u0131m\u0131, bilginin kayna\u011f\u0131 belirtildi\u011fi s\u00fcrece genel ileti\u015fimde yasak de\u011fildir.<\/p>\n<p style=\"text-align: justify;\">Site ve i\u00e7eri\u011fi size kolayl\u0131k sa\u011flamak amac\u0131yla verilmi\u015ftir. TORENCON World Wide Web sayfalar\u0131n\u0131n i\u00e7eri\u011fi, &#8220;oldu\u011fu gibi&#8221; ve &#8220;mevcut oldu\u011fu s\u00fcrece&#8221; esas\u0131na dayanarak verilmi\u015ftir. TORENCON, Web sayfalar\u0131n\u0131n kesintisiz ya da hatas\u0131z \u00e7al\u0131\u015faca\u011f\u0131n\u0131 garanti etmez. TORENCON, sayfalar\u0131 diledi\u011fi zaman g\u00f6zden ge\u00e7irme ya da eri\u015fimi kald\u0131rma hakk\u0131n\u0131 sakl\u0131 tutar. BU SAYFALARIN MEVCUD\u0130YET\u0130, DO\u011eRULU\u011eU, G\u00dcVEN\u0130L\u0130RL\u0130\u011e\u0130 ya da \u0130\u00c7ER\u0130\u011e\u0130 \u0130LE \u0130LG\u0130L\u0130 OLARAK, M\u00dcLK\u0130YET, \u0130HLALS\u0130ZL\u0130K GARANT\u0130LER\u0130 ya da SATILAB\u0130L\u0130RL\u0130\u011eE ya da BEL\u0130RL\u0130 B\u0130R AMACA UYGUNLU\u011eA \u0130L\u0130\u015eK\u0130N GARANT\u0130LER DE D\u00c2H\u0130L OLMAK \u00dcZERE, A\u00c7IK ya da ZIMN\u0130 H\u0130\u00c7B\u0130R T\u00dcRDEN GARANT\u0130 VER\u0130LMEMEKTED\u0130R. TORENCON, BU H\u0130ZMET\u0130N KULLANILMASINDAN DOLAYI ORTAYA \u00c7IKAN H\u0130\u00c7B\u0130R DOLAYLI, ya da DOLAYSIZ, ARIZ\u0130, \u00d6ZEL ya da SONU\u00c7SAL ZARARDAN, KAR KAYIPLARINDAN ya da \u0130\u015e KES\u0130NT\u0130S\u0130NDEN, S\u00d6Z KONUSU ZARAR OLASILI\u011eI TORENCON\u2019A B\u0130LD\u0130R\u0130LM\u0130\u015e DAH\u0130 OLSA SORUMLU OLMAYACAKTIR.<\/p>\n<p style=\"text-align: justify;\">Size eri\u015fim kolayl\u0131\u011f\u0131 sa\u011flamak i\u00e7in, TORENCON, \u00fc\u00e7\u00fcnc\u00fc \u015fah\u0131slar\u0131n sahip oldu\u011fu \u0130nternet \u00fczerindeki sitelere linkler verebilir. \u00dc\u00e7\u00fcnc\u00fc \u015fah\u0131s sitesine ba\u011fland\u0131\u011f\u0131n\u0131zda, o siteyi kullanmadan \u00f6nce o sitenin kurallar\u0131n\u0131 incelemeli ve kabul etmelisiniz. TORENCON\u2019un bu t\u00fcrden sitelerin i\u00e7eri\u011fi \u00fczerinde hi\u00e7bir kontrol\u00fc olmad\u0131\u011f\u0131n\u0131 ve \u00fc\u00e7\u00fcnc\u00fc \u015fah\u0131s siteleri taraf\u0131ndan yarat\u0131lan ya da yay\u0131mlanan malzeme i\u00e7in hi\u00e7bir sorumluluk \u00fcstlenemeyece\u011fini kabul ediyorsunuz. Ayr\u0131ca, TORENCON d\u0131\u015f\u0131ndaki bir siteye olan link, TORENCON\u2019un o siteyi ya da \u00fc\u00e7\u00fcnc\u00fc \u015fah\u0131s sitesinde belirtilen \u00fcr\u00fcn ya da hizmetleri onaylad\u0131\u011f\u0131 anlam\u0131na gelmez. Sunucular\u0131m\u0131zdan herhangi birine e-posta ya da TORENCON World Wide Web sayfalar\u0131 arac\u0131l\u0131\u011f\u0131yla malzeme g\u00f6ndererek, (a) malzemenin, kanund\u0131\u015f\u0131 ya da ba\u015fka bir \u015fekilde yay\u0131na uygun olmayan hi\u00e7bir madde i\u00e7ermeyece\u011fini, (b) herhangi bir malzeme sunmadan \u00f6nce vir\u00fcs ya da di\u011fer kirletici ya da yok edici \u00f6zellikleri kar\u015f\u0131 tarama yapmak ve bunlar\u0131 silmek i\u00e7in elinizden gelen \u00e7abay\u0131 g\u00f6sterece\u011finizi ve (c) malzemenin sahibi oldu\u011funuzu ya da o malzemeyi bize vermek i\u00e7in k\u0131s\u0131tlamas\u0131z hakka sahip oldu\u011funuzu ve TORENCON\u2019un malzemeyi bedelsiz olarak yay\u0131nlayabilece\u011fini ve\/ya da malzemenin kendisini ya da i\u00e7inde tan\u0131mlanan her t\u00fcrl\u00fc konsepti, herhangi bir mesuliyet ya da y\u00fck\u00fcml\u00fcl\u00fck olmadan \u00fcr\u00fcnlerimizde kullanabilece\u011fini (d) bize sundu\u011funuz malzemeyle ilgili olarak aleyhimize hukuki muamele ba\u015flatmayaca\u011f\u0131n\u0131z\u0131 ve herhangi bir \u00fc\u00e7\u00fcnc\u00fc \u015fah\u0131s sundu\u011funuz malzemeyle ilgili olarak aleyhimize hukuki i\u015flem ba\u015flatt\u0131\u011f\u0131 takdirde taraf\u0131m\u0131z\u0131 tazmin edece\u011finizi kabul ediyorsunuz.<\/p>\n<p>[\/et_pb_text][\/et_pb_column][\/et_pb_row][\/et_pb_section]<\/p>\n","protected":false},"excerpt":{"rendered":"<p><div class=\"et_pb_row et_pb_row_0 et_pb_row_empty\">\n\t\t\t\t\n\t\t\t\t\n\t\t\t\t\n\t\t\t\t\n\t\t\t\t\n\t\t\t<\/div> Gizlilik Politikas\u0131 Bu Gizlilik Politikas\u0131 bu Site i\u00e7in ge\u00e7erlidir. Bu Site&#8217;yi terk ederken, ziyaret etti\u011finiz siteye ili\u015fkin gizlilik politikas\u0131n\u0131 l\u00fctfen okuyunuz. Bu Gizlilik Politikas\u0131&#8217;n\u0131 kabul etmiyorsan\u0131z, l\u00fctfen bu Site&#8217;yi kullanmay\u0131n\u0131z. Bu Site&#8217;ye girerek ve kullanarak, bu Gizlilik Politikas\u0131&#8217;n\u0131n \u015fartlar\u0131n\u0131 kabul ediyorsunuz. Otomatik Olarak Toplanan Ki\u015fisel Olmayan Bilgi TORENCON, web sitesini ziyaret edenlerin gizlili\u011fini korumay\u0131 [&hellip;]<\/p>\n","protected":false},"author":2,"featured_media":0,"parent":0,"menu_order":999,"comment_status":"closed","ping_status":"closed","template":"","meta":{"_et_pb_use_builder":"on","_et_pb_old_content":"","_et_gb_content_width":"","_monsterinsights_skip_tracking":false,"_monsterinsights_sitenote_active":false,"_monsterinsights_sitenote_note":"","_monsterinsights_sitenote_category":0,"footnotes":""},"class_list":["post-364","page","type-page","status-publish","hentry"],"aioseo_notices":[],"_links":{"self":[{"href":"https:\/\/www.torencon.com\/tr\/wp-json\/wp\/v2\/pages\/364","targetHints":{"allow":["GET"]}}],"collection":[{"href":"https:\/\/www.torencon.com\/tr\/wp-json\/wp\/v2\/pages"}],"about":[{"href":"https:\/\/www.torencon.com\/tr\/wp-json\/wp\/v2\/types\/page"}],"author":[{"embeddable":true,"href":"https:\/\/www.torencon.com\/tr\/wp-json\/wp\/v2\/users\/2"}],"replies":[{"embeddable":true,"href":"https:\/\/www.torencon.com\/tr\/wp-json\/wp\/v2\/comments?post=364"}],"version-history":[{"count":1,"href":"https:\/\/www.torencon.com\/tr\/wp-json\/wp\/v2\/pages\/364\/revisions"}],"predecessor-version":[{"id":366,"href":"https:\/\/www.torencon.com\/tr\/wp-json\/wp\/v2\/pages\/364\/revisions\/366"}],"wp:attachment":[{"href":"https:\/\/www.torencon.com\/tr\/wp-json\/wp\/v2\/media?parent=364"}],"curies":[{"name":"wp","href":"https:\/\/api.w.org\/{rel}","templated":true}]}}