{"id":41,"date":"2014-11-20T12:36:30","date_gmt":"2014-11-20T12:36:30","guid":{"rendered":"http:\/\/torencon.com\/?page_id=41"},"modified":"2021-04-03T18:49:54","modified_gmt":"2021-04-03T15:49:54","slug":"ana-sayfa","status":"publish","type":"page","link":"https:\/\/www.torencon.com\/tr\/","title":{"rendered":"Ana Sayfa"},"content":{"rendered":"<p>[et_pb_section fb_built=&#8221;1&#8243; fullwidth=&#8221;on&#8221; admin_label=&#8221;B\u00f6l\u00fcm&#8221; _builder_version=&#8221;3.22&#8243;][et_pb_fullwidth_code admin_label=&#8221;Tam Geni\u015f Kod&#8221;]\n\t\t\t<!-- START homenew REVOLUTION SLIDER 6.6.5 --><p class=\"rs-p-wp-fix\"><\/p>\n\t\t\t<rs-module-wrap id=\"rev_slider_4_1_wrapper\" data-source=\"gallery\" style=\"visibility:hidden;background:transparent;padding:0;margin:0px auto;margin-top:0;margin-bottom:0;\">\n\t\t\t\t<rs-module id=\"rev_slider_4_1\" style=\"\" data-version=\"6.6.5\">\n\t\t\t\t\t<rs-slides style=\"overflow: hidden; position: absolute;\">\n\t\t\t\t\t\t<rs-slide style=\"position: absolute;\" data-key=\"rs-35\" data-title=\"Slide\" data-thumb=\"\/\/www.torencon.com\/wp-content\/uploads\/2017\/03\/slide2-100x50.jpg\" data-anim=\"adpr:false;\" data-in=\"o:0;\" data-out=\"a:false;\">\n\t\t\t\t\t\t\t<img decoding=\"async\" src=\"\/\/www.torencon.com\/wp-content\/plugins\/revslider\/public\/assets\/assets\/dummy.png\" alt=\"\" title=\"E_WEB_06\" width=\"1200\" height=\"600\" class=\"rev-slidebg tp-rs-img rs-lazyload\" data-lazyload=\"\/\/www.torencon.com\/wp-content\/uploads\/2021\/04\/E_WEB_06.jpg\" data-no-retina>\n<!---->\t\t\t\t\t\t<\/rs-slide>\n\t\t\t\t\t\t<rs-slide style=\"position: absolute;\" data-key=\"rs-29\" data-title=\"Slide\" data-thumb=\"\/\/www.torencon.com\/wp-content\/uploads\/2017\/03\/slide2-100x50.jpg\" data-anim=\"adpr:false;\">\n\t\t\t\t\t\t\t<img decoding=\"async\" src=\"\/\/www.torencon.com\/wp-content\/plugins\/revslider\/public\/assets\/assets\/dummy.png\" alt=\"\" title=\"Ana Sayfa\" class=\"rev-slidebg tp-rs-img rs-lazyload\" data-lazyload=\"\/\/www.torencon.com\/wp-content\/uploads\/2017\/03\/slide2.jpg\" data-no-retina>\n<!---->\t\t\t\t\t\t<\/rs-slide>\n\t\t\t\t\t\t<rs-slide style=\"position: absolute;\" data-key=\"rs-30\" data-title=\"Slide\" data-thumb=\"\/\/www.torencon.com\/wp-content\/uploads\/2017\/03\/slide3-100x50.jpg\" data-anim=\"adpr:false;\">\n\t\t\t\t\t\t\t<img decoding=\"async\" src=\"\/\/www.torencon.com\/wp-content\/plugins\/revslider\/public\/assets\/assets\/dummy.png\" alt=\"\" title=\"Ana Sayfa\" class=\"rev-slidebg tp-rs-img rs-lazyload\" data-lazyload=\"\/\/www.torencon.com\/wp-content\/uploads\/2017\/03\/slide3.jpg\" data-no-retina>\n<!---->\t\t\t\t\t\t<\/rs-slide>\n\t\t\t\t\t\t<rs-slide style=\"position: absolute;\" data-key=\"rs-31\" data-title=\"Slide\" data-thumb=\"\/\/www.torencon.com\/wp-content\/uploads\/2017\/03\/slide5-100x50.jpg\" data-anim=\"adpr:false;\">\n\t\t\t\t\t\t\t<img decoding=\"async\" src=\"\/\/www.torencon.com\/wp-content\/plugins\/revslider\/public\/assets\/assets\/dummy.png\" alt=\"\" title=\"Ana Sayfa\" class=\"rev-slidebg tp-rs-img rs-lazyload\" data-lazyload=\"\/\/www.torencon.com\/wp-content\/uploads\/2017\/03\/slide5.jpg\" data-no-retina>\n<!---->\t\t\t\t\t\t<\/rs-slide>\n\t\t\t\t\t\t<rs-slide style=\"position: absolute;\" data-key=\"rs-32\" data-title=\"Slide\" data-thumb=\"\/\/www.torencon.com\/wp-content\/uploads\/2017\/03\/slide7-100x50.jpg\" data-anim=\"adpr:false;\">\n\t\t\t\t\t\t\t<img decoding=\"async\" src=\"\/\/www.torencon.com\/wp-content\/plugins\/revslider\/public\/assets\/assets\/dummy.png\" alt=\"\" title=\"Ana Sayfa\" class=\"rev-slidebg tp-rs-img rs-lazyload\" data-lazyload=\"\/\/www.torencon.com\/wp-content\/uploads\/2017\/03\/slide7.jpg\" data-no-retina>\n<!---->\t\t\t\t\t\t<\/rs-slide>\n\t\t\t\t\t\t<rs-slide style=\"position: absolute;\" data-key=\"rs-34\" data-title=\"Slide\" data-thumb=\"\/\/www.torencon.com\/wp-content\/uploads\/2017\/03\/6_alternatif1-100x50.jpg\" data-anim=\"adpr:false;\">\n\t\t\t\t\t\t\t<img decoding=\"async\" src=\"\/\/www.torencon.com\/wp-content\/plugins\/revslider\/public\/assets\/assets\/dummy.png\" alt=\"\" title=\"Ana Sayfa\" class=\"rev-slidebg tp-rs-img rs-lazyload\" data-lazyload=\"\/\/www.torencon.com\/wp-content\/uploads\/2017\/03\/6_alternatif1.jpg\" data-no-retina>\n<!---->\t\t\t\t\t\t<\/rs-slide>\n\t\t\t\t\t\t<rs-slide style=\"position: absolute;\" data-key=\"rs-33\" data-title=\"Slide\" data-thumb=\"\/\/www.torencon.com\/wp-content\/uploads\/2017\/03\/slide1-100x50.jpg\" data-anim=\"adpr:false;\">\n\t\t\t\t\t\t\t<img decoding=\"async\" src=\"\/\/www.torencon.com\/wp-content\/plugins\/revslider\/public\/assets\/assets\/dummy.png\" alt=\"\" title=\"Ana Sayfa\" class=\"rev-slidebg tp-rs-img rs-lazyload\" data-lazyload=\"\/\/www.torencon.com\/wp-content\/uploads\/2017\/03\/slide1.jpg\" data-no-retina>\n<!---->\t\t\t\t\t\t<\/rs-slide>\n\t\t\t\t\t<\/rs-slides>\n\t\t\t\t<\/rs-module>\n\t\t\t\t<script>\n\t\t\t\t\tsetREVStartSize({c: 'rev_slider_4_1',rl:[1240,1024,778,480],el:[600],gw:[1200],gh:[600],type:'standard',justify:'',layout:'fullwidth',mh:\"0\"});if (window.RS_MODULES!==undefined && window.RS_MODULES.modules!==undefined && window.RS_MODULES.modules[\"revslider41\"]!==undefined) {window.RS_MODULES.modules[\"revslider41\"].once = false;window.revapi4 = undefined;if (window.RS_MODULES.checkMinimal!==undefined) window.RS_MODULES.checkMinimal()}\n\t\t\t\t<\/script>\n\t\t\t<\/rs-module-wrap>\n\t\t\t<!-- END REVOLUTION SLIDER -->\n[\/et_pb_fullwidth_code][\/et_pb_section][et_pb_section fb_built=&#8221;1&#8243; fullwidth=&#8221;on&#8221; admin_label=&#8221;section&#8221; module_id=&#8221;ne-yapariz&#8221; _builder_version=&#8221;3.22&#8243; background_color=&#8221;#54afe3&#8243; background_image=&#8221;https:\/\/www.torencon.com\/wp-content\/uploads\/2017\/03\/titlebg2.png&#8221; parallax=&#8221;on&#8221; custom_padding=&#8221;28px||28px|&#8221; transparent_background=&#8221;off&#8221; make_fullwidth=&#8221;off&#8221; use_custom_width=&#8221;off&#8221; width_unit=&#8221;on&#8221;][et_pb_fullwidth_header title=&#8221;NE YAPARIZ?&#8221; content_max_width=&#8221;none&#8221; admin_label=&#8221;NE YAPARIZ?&#8221; _builder_version=&#8221;3.16&#8243; background_color=&#8221;rgba(255, 255, 255, 0)&#8221; button_one_letter_spacing_hover=&#8221;0&#8243; button_two_letter_spacing_hover=&#8221;0&#8243; button_one_text_size__hover_enabled=&#8221;off&#8221; button_two_text_size__hover_enabled=&#8221;off&#8221; button_one_text_color__hover_enabled=&#8221;off&#8221; button_two_text_color__hover_enabled=&#8221;off&#8221; button_one_border_width__hover_enabled=&#8221;off&#8221; button_two_border_width__hover_enabled=&#8221;off&#8221; button_one_border_color__hover_enabled=&#8221;off&#8221; button_two_border_color__hover_enabled=&#8221;off&#8221; button_one_border_radius__hover_enabled=&#8221;off&#8221; button_two_border_radius__hover_enabled=&#8221;off&#8221; button_one_letter_spacing__hover_enabled=&#8221;on&#8221; button_one_letter_spacing__hover=&#8221;0&#8243; button_two_letter_spacing__hover_enabled=&#8221;on&#8221; button_two_letter_spacing__hover=&#8221;0&#8243; button_one_bg_color__hover_enabled=&#8221;off&#8221; button_two_bg_color__hover_enabled=&#8221;off&#8221;][\/et_pb_fullwidth_header][\/et_pb_section][et_pb_section fb_built=&#8221;1&#8243; admin_label=&#8221;section&#8221; _builder_version=&#8221;3.22&#8243; custom_padding=&#8221;28px||28px|&#8221; transparent_background=&#8221;off&#8221; make_fullwidth=&#8221;off&#8221; use_custom_width=&#8221;off&#8221; width_unit=&#8221;off&#8221;][et_pb_row admin_label=&#8221;row&#8221; _builder_version=&#8221;3.25&#8243; background_size=&#8221;initial&#8221; background_position=&#8221;top_left&#8221; background_repeat=&#8221;repeat&#8221; make_fullwidth=&#8221;off&#8221; use_custom_width=&#8221;off&#8221; width_unit=&#8221;off&#8221; custom_width_px=&#8221;1080px&#8221; custom_width_percent=&#8221;80%&#8221;][et_pb_column type=&#8221;4_4&#8243; _builder_version=&#8221;3.25&#8243; custom_padding=&#8221;|||&#8221; custom_padding__hover=&#8221;|||&#8221;][et_pb_text admin_label=&#8221;Metin&#8221; _builder_version=&#8221;4.9.3&#8243; text_font_size=&#8221;16px&#8221; ul_font_size=&#8221;16px&#8221; background_size=&#8221;initial&#8221; background_position=&#8221;top_left&#8221; background_repeat=&#8221;repeat&#8221; border_style=&#8221;solid&#8221;]Ulusal ve uluslararas\u0131 su kurulu\u015flar\u0131yla olan y\u00fcksek seviyeli m\u00fcnasebetlerimiz do\u011frultusunda su ve at\u0131k su end\u00fcstrileri i\u00e7in m\u00fchendislik, dan\u0131\u015fmanl\u0131k, e\u011fitim, kontroll\u00fck ve tedarik hizmetleri sunar\u0131z. A\u015fa\u011f\u0131dakilerle s\u0131n\u0131rl\u0131 kalmamak kayd\u0131yla hizmetlerimizden baz\u0131lar\u0131:<\/p>\n<ul>\n<li>Varl\u0131k Y\u00f6netimi<\/li>\n<li>Gelir Getirmeyen Su Y\u00f6netimi<\/li>\n<li>\u0130\u00e7me Suyu ve At\u0131k Su \u015eebekeleri i\u00e7in Durum De\u011ferlendirme<\/li>\n<li>\u0130\u00e7me Suyu ve At\u0131k Su \u015eebekeleri i\u00e7in Yenileme Planlamas\u0131<\/li>\n<li>\u015eartnamelerin Haz\u0131rlanmas\u0131 ve \u0130hale Y\u00f6netimi<\/li>\n<li>SKA6 Temiz Su ve S\u0131hhi Ko\u015fullara istinaden Finansman, Veri ve Bilgi, Kapasite Geli\u015ftirme, Yenile\u015fme ve \u0130dare arac\u0131l\u0131\u011f\u0131yla Eylem Y\u00f6netimi<\/li>\n<\/ul>\n<p>[\/et_pb_text][et_pb_text admin_label=&#8221;Metin&#8221; _builder_version=&#8221;4.9.3&#8243; text_font_size=&#8221;16px&#8221; ul_font_size=&#8221;16px&#8221; background_size=&#8221;initial&#8221; background_position=&#8221;top_left&#8221; background_repeat=&#8221;repeat&#8221; border_style=&#8221;solid&#8221;]Ulusal ve uluslararas\u0131 kaz\u0131s\u0131z teknoloji kurulu\u015flar\u0131yla olan y\u00fcksek seviyeli m\u00fcnasebetlerimiz do\u011frultusunda kaz\u0131s\u0131z teknoloji end\u00fcstrisi i\u00e7in m\u00fchendislik, dan\u0131\u015fmanl\u0131k, e\u011fitim, kontroll\u00fck ve tedarik hizmetleri sunar\u0131z. A\u015fa\u011f\u0131dakilerle s\u0131n\u0131rl\u0131 kalmamak kayd\u0131yla hizmetlerimizden baz\u0131lar\u0131:<\/p>\n<ul>\n<li>Yeralt\u0131 Radar G\u00f6r\u00fcnt\u00fcleme<\/li>\n<li>Kapal\u0131 Devre TV \u0130nceleme ve S\u0131z\u0131nt\u0131 Tespiti<\/li>\n<li>CIPP Astarlama (Kaplama)<\/li>\n<li>Yatay Y\u00f6nlendirilebilir Delgi<\/li>\n<li>Mikrot\u00fcnel ve Boru \u0130tme<\/li>\n<\/ul>\n<p>[\/et_pb_text][\/et_pb_column][\/et_pb_row][\/et_pb_section][et_pb_section fb_built=&#8221;1&#8243; fullwidth=&#8221;on&#8221; admin_label=&#8221;section&#8221; module_id=&#8221;referanslar&#8221; _builder_version=&#8221;3.22&#8243; background_color=&#8221;#54afe3&#8243; background_image=&#8221;https:\/\/www.torencon.com\/wp-content\/uploads\/2017\/03\/titlebg3.png&#8221; parallax=&#8221;on&#8221; custom_padding=&#8221;28px||28px|&#8221; transparent_background=&#8221;off&#8221; make_fullwidth=&#8221;off&#8221; use_custom_width=&#8221;off&#8221; width_unit=&#8221;on&#8221;][et_pb_fullwidth_header title=&#8221;REFERANSLAR&#8221; content_max_width=&#8221;none&#8221; admin_label=&#8221;REFERANSLAR&#8221; _builder_version=&#8221;3.16&#8243; background_color=&#8221;rgba(255, 255, 255, 0)&#8221; button_one_letter_spacing_hover=&#8221;0&#8243; button_two_letter_spacing_hover=&#8221;0&#8243; button_one_text_size__hover_enabled=&#8221;off&#8221; button_two_text_size__hover_enabled=&#8221;off&#8221; button_one_text_color__hover_enabled=&#8221;off&#8221; button_two_text_color__hover_enabled=&#8221;off&#8221; button_one_border_width__hover_enabled=&#8221;off&#8221; button_two_border_width__hover_enabled=&#8221;off&#8221; button_one_border_color__hover_enabled=&#8221;off&#8221; button_two_border_color__hover_enabled=&#8221;off&#8221; button_one_border_radius__hover_enabled=&#8221;off&#8221; button_two_border_radius__hover_enabled=&#8221;off&#8221; button_one_letter_spacing__hover_enabled=&#8221;on&#8221; button_one_letter_spacing__hover=&#8221;0&#8243; button_two_letter_spacing__hover_enabled=&#8221;on&#8221; button_two_letter_spacing__hover=&#8221;0&#8243; button_one_bg_color__hover_enabled=&#8221;off&#8221; button_two_bg_color__hover_enabled=&#8221;off&#8221;][\/et_pb_fullwidth_header][\/et_pb_section][et_pb_section fb_built=&#8221;1&#8243; admin_label=&#8221;section&#8221; _builder_version=&#8221;3.22&#8243; custom_padding=&#8221;28px||28px|&#8221; transparent_background=&#8221;off&#8221; make_fullwidth=&#8221;off&#8221; use_custom_width=&#8221;off&#8221; width_unit=&#8221;off&#8221;][et_pb_row admin_label=&#8221;row&#8221; _builder_version=&#8221;3.25&#8243; background_size=&#8221;initial&#8221; background_position=&#8221;top_left&#8221; background_repeat=&#8221;repeat&#8221; make_fullwidth=&#8221;off&#8221; use_custom_width=&#8221;off&#8221; width_unit=&#8221;off&#8221; custom_width_px=&#8221;1080px&#8221; custom_width_percent=&#8221;80%&#8221;][et_pb_column type=&#8221;4_4&#8243; _builder_version=&#8221;3.25&#8243; custom_padding=&#8221;|||&#8221; custom_padding__hover=&#8221;|||&#8221;][et_pb_text admin_label=&#8221;Metin&#8221; _builder_version=&#8221;3.27.4&#8243; text_font_size=&#8221;16px&#8221; background_size=&#8221;initial&#8221; background_position=&#8221;top_left&#8221; background_repeat=&#8221;repeat&#8221; use_border_color=&#8221;off&#8221; border_color=&#8221;#ffffff&#8221; border_style=&#8221;solid&#8221;]\n<table id=\"tablepress-1\" class=\"tablepress tablepress-id-1\">\n<thead>\n<tr class=\"row-1\">\n\t<th class=\"column-1\">Sunulan Hizmet<\/th><th class=\"column-2\">M\u00fc\u015fteri<\/th><th class=\"column-3\">\u00dclke<\/th><th class=\"column-4\">Y\u0131l<\/th>\n<\/tr>\n<\/thead>\n<tbody class=\"row-striping row-hover\">\n<tr class=\"row-2\">\n\t<td class=\"column-1\">\u0130\u015f Geli\u015ftirme Dan\u0131\u015fmanl\u0131\u011f\u0131<\/td><td class=\"column-2\">HOBAS Engineering GmbH<\/td><td class=\"column-3\">Avusturya<\/td><td class=\"column-4\">2011<\/td>\n<\/tr>\n<tr class=\"row-3\">\n\t<td class=\"column-1\">Fizibilite Raporu Haz\u0131rlanmas\u0131<\/td><td class=\"column-2\">FYFE Europe S.A.<\/td><td class=\"column-3\">Yunanistan<\/td><td class=\"column-4\">2012<\/td>\n<\/tr>\n<tr class=\"row-4\">\n\t<td class=\"column-1\">\u0130\u015f Geli\u015ftirme Dan\u0131\u015fmanl\u0131\u011f\u0131<\/td><td class=\"column-2\">TA\u015eYAPI \u0130n\u015faat A.\u015e.<\/td><td class=\"column-3\">T\u00fcrkiye<\/td><td class=\"column-4\">2012-2013<\/td>\n<\/tr>\n<tr class=\"row-5\">\n\t<td class=\"column-1\">Pazar Ara\u015ft\u0131rmas\u0131 Raporu Haz\u0131rlanmas\u0131<\/td><td class=\"column-2\">SMET Tunnelling BV<\/td><td class=\"column-3\">Bel\u00e7ika<\/td><td class=\"column-4\">2013<\/td>\n<\/tr>\n<tr class=\"row-6\">\n\t<td class=\"column-1\">\u0130hale Haz\u0131rl\u0131k Dan\u0131\u015fmanl\u0131\u011f\u0131<\/td><td class=\"column-2\">GEODATA Engineering S.p.A<\/td><td class=\"column-3\">\u0130talya<\/td><td class=\"column-4\">2013<\/td>\n<\/tr>\n<tr class=\"row-7\">\n\t<td class=\"column-1\">\u0130\u00e7mesuyu Rehabilitasyon Borusu Tedari\u011fi<\/td><td class=\"column-2\">BUSK\u0130 Genel M\u00fcd\u00fcrl\u00fc\u011f\u00fc<\/td><td class=\"column-3\">T\u00fcrkiye<\/td><td class=\"column-4\">2014<\/td>\n<\/tr>\n<tr class=\"row-8\">\n\t<td class=\"column-1\">\u0130\u015f Geli\u015ftirme Dan\u0131\u015fmanl\u0131\u011f\u0131<\/td><td class=\"column-2\">RABMER Greentech GmbH<\/td><td class=\"column-3\">Avusturya<\/td><td class=\"column-4\">2014<\/td>\n<\/tr>\n<tr class=\"row-9\">\n\t<td class=\"column-1\">D\u00fcktil Boru Tedari\u011fi<\/td><td class=\"column-2\">OSK\u0130 Genel M\u00fcd\u00fcrl\u00fc\u011f\u00fc Y\u00fcklenicisi<\/td><td class=\"column-3\">T\u00fcrkiye<\/td><td class=\"column-4\">2015<\/td>\n<\/tr>\n<tr class=\"row-10\">\n\t<td class=\"column-1\">Yatay Y\u00f6nlendirilebilir Delgi E\u011fitimi<\/td><td class=\"column-2\">\u0130GDA\u015e Genel M\u00fcd\u00fcrl\u00fc\u011f\u00fc<\/td><td class=\"column-3\">T\u00fcrkiye<\/td><td class=\"column-4\">2015<\/td>\n<\/tr>\n<tr class=\"row-11\">\n\t<td class=\"column-1\">\u0130\u015f Geli\u015ftirme Dan\u0131\u015fmanl\u0131\u011f\u0131<\/td><td class=\"column-2\">GRANDPIPE San. ve Tic. A.\u015e.<\/td><td class=\"column-3\">T\u00fcrkiye<\/td><td class=\"column-4\">2015<\/td>\n<\/tr>\n<tr class=\"row-12\">\n\t<td class=\"column-1\">\u0130\u015f Geli\u015ftirme Dan\u0131\u015fmanl\u0131\u011f\u0131<\/td><td class=\"column-2\">BRANDENBURGER Liner GmbH<\/td><td class=\"column-3\">Almanya<\/td><td class=\"column-4\">2014-2016<\/td>\n<\/tr>\n<tr class=\"row-13\">\n\t<td class=\"column-1\">\u0130\u015f Geli\u015ftirme Dan\u0131\u015fmanl\u0131\u011f\u0131<\/td><td class=\"column-2\">BARTHAUER Software GmbH<\/td><td class=\"column-3\">Almanya<\/td><td class=\"column-4\">2014-2016<\/td>\n<\/tr>\n<tr class=\"row-14\">\n\t<td class=\"column-1\">D\u00fcktil Boru Tedari\u011fi<\/td><td class=\"column-2\">BASK\u0130 Genel M\u00fcd\u00fcrl\u00fc\u011f\u00fc Y\u00fcklenicisi<\/td><td class=\"column-3\">T\u00fcrkiye<\/td><td class=\"column-4\">2016<\/td>\n<\/tr>\n<tr class=\"row-15\">\n\t<td class=\"column-1\">\u0130\u015f Geli\u015ftirme Dan\u0131\u015fmanl\u0131\u011f\u0131<\/td><td class=\"column-2\">UHRIG Kanaltechnik GmbH<\/td><td class=\"column-3\">Almanya<\/td><td class=\"column-4\">2014-2017<\/td>\n<\/tr>\n<tr class=\"row-16\">\n\t<td class=\"column-1\">\u0130\u015f Geli\u015ftirme Dan\u0131\u015fmanl\u0131\u011f\u0131<\/td><td class=\"column-2\">3M San. ve Tic. A.\u015e.<\/td><td class=\"column-3\">T\u00fcrkiye<\/td><td class=\"column-4\">2016-2017<\/td>\n<\/tr>\n<tr class=\"row-17\">\n\t<td class=\"column-1\">D\u00fcktil Boru Tedari\u011fi<\/td><td class=\"column-2\">KASK\u0130 Genel M\u00fcd\u00fcrl\u00fc\u011f\u00fc Y\u00fcklenicisi<\/td><td class=\"column-3\">T\u00fcrkiye<\/td><td class=\"column-4\">2017<\/td>\n<\/tr>\n<tr class=\"row-18\">\n\t<td class=\"column-1\">Kaz\u0131s\u0131z Teknolojiler Dan\u0131\u015fmanl\u0131\u011f\u0131<\/td><td class=\"column-2\">DESK\u0130 Genel M\u00fcd\u00fcrl\u00fc\u011f\u00fc<\/td><td class=\"column-3\">T\u00fcrkiye<\/td><td class=\"column-4\">2017<\/td>\n<\/tr>\n<tr class=\"row-19\">\n\t<td class=\"column-1\">Kaz\u0131s\u0131z Teknolojiler Dan\u0131\u015fmanl\u0131\u011f\u0131<\/td><td class=\"column-2\">\u0130SK\u0130 Genel M\u00fcd\u00fcrl\u00fc\u011f\u00fc<\/td><td class=\"column-3\">T\u00fcrkiye<\/td><td class=\"column-4\">2017-2018<\/td>\n<\/tr>\n<tr class=\"row-20\">\n\t<td class=\"column-1\">Kaz\u0131s\u0131z Teknolojiler Dan\u0131\u015fmanl\u0131\u011f\u0131<\/td><td class=\"column-2\">\u0130SU Genel M\u00fcd\u00fcrl\u00fc\u011f\u00fc<\/td><td class=\"column-3\">T\u00fcrkiye<\/td><td class=\"column-4\">2020-2021<\/td>\n<\/tr>\n<\/tbody>\n<\/table>\n<!-- #tablepress-1 from cache --><br \/>\n[\/et_pb_text][\/et_pb_column][\/et_pb_row][\/et_pb_section]<\/p>\n","protected":false},"excerpt":{"rendered":"<p>\n\t\t\t<!-- START homenew REVOLUTION SLIDER 6.6.5 --><p class=\"rs-p-wp-fix\"><\/p>\n\t\t\t<rs-module-wrap id=\"rev_slider_4_2_wrapper\" data-source=\"gallery\" style=\"visibility:hidden;background:transparent;padding:0;margin:0px auto;margin-top:0;margin-bottom:0;\">\n\t\t\t\t<rs-module id=\"rev_slider_4_2\" style=\"\" data-version=\"6.6.5\">\n\t\t\t\t\t<rs-slides style=\"overflow: hidden; position: absolute;\">\n\t\t\t\t\t\t<rs-slide style=\"position: absolute;\" data-key=\"rs-35\" data-title=\"Slide\" data-thumb=\"\/\/www.torencon.com\/wp-content\/uploads\/2017\/03\/slide2-100x50.jpg\" data-anim=\"adpr:false;\" data-in=\"o:0;\" data-out=\"a:false;\">\n\t\t\t\t\t\t\t<img decoding=\"async\" src=\"\/\/www.torencon.com\/wp-content\/plugins\/revslider\/public\/assets\/assets\/dummy.png\" alt=\"\" title=\"E_WEB_06\" width=\"1200\" height=\"600\" class=\"rev-slidebg tp-rs-img rs-lazyload\" data-lazyload=\"\/\/www.torencon.com\/wp-content\/uploads\/2021\/04\/E_WEB_06.jpg\" data-no-retina>\n<!---->\t\t\t\t\t\t<\/rs-slide>\n\t\t\t\t\t\t<rs-slide style=\"position: absolute;\" data-key=\"rs-29\" data-title=\"Slide\" data-thumb=\"\/\/www.torencon.com\/wp-content\/uploads\/2017\/03\/slide2-100x50.jpg\" data-anim=\"adpr:false;\">\n\t\t\t\t\t\t\t<img decoding=\"async\" src=\"\/\/www.torencon.com\/wp-content\/plugins\/revslider\/public\/assets\/assets\/dummy.png\" alt=\"\" title=\"Ana Sayfa\" class=\"rev-slidebg tp-rs-img rs-lazyload\" data-lazyload=\"\/\/www.torencon.com\/wp-content\/uploads\/2017\/03\/slide2.jpg\" data-no-retina>\n<!---->\t\t\t\t\t\t<\/rs-slide>\n\t\t\t\t\t\t<rs-slide style=\"position: absolute;\" data-key=\"rs-30\" data-title=\"Slide\" data-thumb=\"\/\/www.torencon.com\/wp-content\/uploads\/2017\/03\/slide3-100x50.jpg\" data-anim=\"adpr:false;\">\n\t\t\t\t\t\t\t<img decoding=\"async\" src=\"\/\/www.torencon.com\/wp-content\/plugins\/revslider\/public\/assets\/assets\/dummy.png\" alt=\"\" title=\"Ana Sayfa\" class=\"rev-slidebg tp-rs-img rs-lazyload\" data-lazyload=\"\/\/www.torencon.com\/wp-content\/uploads\/2017\/03\/slide3.jpg\" data-no-retina>\n<!---->\t\t\t\t\t\t<\/rs-slide>\n\t\t\t\t\t\t<rs-slide style=\"position: absolute;\" data-key=\"rs-31\" data-title=\"Slide\" data-thumb=\"\/\/www.torencon.com\/wp-content\/uploads\/2017\/03\/slide5-100x50.jpg\" data-anim=\"adpr:false;\">\n\t\t\t\t\t\t\t<img decoding=\"async\" src=\"\/\/www.torencon.com\/wp-content\/plugins\/revslider\/public\/assets\/assets\/dummy.png\" alt=\"\" title=\"Ana Sayfa\" class=\"rev-slidebg tp-rs-img rs-lazyload\" data-lazyload=\"\/\/www.torencon.com\/wp-content\/uploads\/2017\/03\/slide5.jpg\" data-no-retina>\n<!---->\t\t\t\t\t\t<\/rs-slide>\n\t\t\t\t\t\t<rs-slide style=\"position: absolute;\" data-key=\"rs-32\" data-title=\"Slide\" data-thumb=\"\/\/www.torencon.com\/wp-content\/uploads\/2017\/03\/slide7-100x50.jpg\" data-anim=\"adpr:false;\">\n\t\t\t\t\t\t\t<img decoding=\"async\" src=\"\/\/www.torencon.com\/wp-content\/plugins\/revslider\/public\/assets\/assets\/dummy.png\" alt=\"\" title=\"Ana Sayfa\" class=\"rev-slidebg tp-rs-img rs-lazyload\" data-lazyload=\"\/\/www.torencon.com\/wp-content\/uploads\/2017\/03\/slide7.jpg\" data-no-retina>\n<!---->\t\t\t\t\t\t<\/rs-slide>\n\t\t\t\t\t\t<rs-slide style=\"position: absolute;\" data-key=\"rs-34\" data-title=\"Slide\" data-thumb=\"\/\/www.torencon.com\/wp-content\/uploads\/2017\/03\/6_alternatif1-100x50.jpg\" data-anim=\"adpr:false;\">\n\t\t\t\t\t\t\t<img decoding=\"async\" src=\"\/\/www.torencon.com\/wp-content\/plugins\/revslider\/public\/assets\/assets\/dummy.png\" alt=\"\" title=\"Ana Sayfa\" class=\"rev-slidebg tp-rs-img rs-lazyload\" data-lazyload=\"\/\/www.torencon.com\/wp-content\/uploads\/2017\/03\/6_alternatif1.jpg\" data-no-retina>\n<!---->\t\t\t\t\t\t<\/rs-slide>\n\t\t\t\t\t\t<rs-slide style=\"position: absolute;\" data-key=\"rs-33\" data-title=\"Slide\" data-thumb=\"\/\/www.torencon.com\/wp-content\/uploads\/2017\/03\/slide1-100x50.jpg\" data-anim=\"adpr:false;\">\n\t\t\t\t\t\t\t<img decoding=\"async\" src=\"\/\/www.torencon.com\/wp-content\/plugins\/revslider\/public\/assets\/assets\/dummy.png\" alt=\"\" title=\"Ana Sayfa\" class=\"rev-slidebg tp-rs-img rs-lazyload\" data-lazyload=\"\/\/www.torencon.com\/wp-content\/uploads\/2017\/03\/slide1.jpg\" data-no-retina>\n<!---->\t\t\t\t\t\t<\/rs-slide>\n\t\t\t\t\t<\/rs-slides>\n\t\t\t\t<\/rs-module>\n\t\t\t\t<script>\n\t\t\t\t\tsetREVStartSize({c: 'rev_slider_4_2',rl:[1240,1024,778,480],el:[600],gw:[1200],gh:[600],type:'standard',justify:'',layout:'fullwidth',mh:\"0\"});if (window.RS_MODULES!==undefined && window.RS_MODULES.modules!==undefined && window.RS_MODULES.modules[\"revslider42\"]!==undefined) {window.RS_MODULES.modules[\"revslider42\"].once = false;window.revapi4_2 = undefined;if (window.RS_MODULES.checkMinimal!==undefined) window.RS_MODULES.checkMinimal()}\n\t\t\t\t<\/script>\n\t\t\t<\/rs-module-wrap>\n\t\t\t<!-- END REVOLUTION SLIDER -->\nUlusal ve uluslararas\u0131 su kurulu\u015flar\u0131yla olan y\u00fcksek seviyeli m\u00fcnasebetlerimiz do\u011frultusunda su ve at\u0131k su end\u00fcstrileri i\u00e7in m\u00fchendislik, dan\u0131\u015fmanl\u0131k, e\u011fitim, kontroll\u00fck ve tedarik hizmetleri sunar\u0131z. A\u015fa\u011f\u0131dakilerle s\u0131n\u0131rl\u0131 kalmamak kayd\u0131yla hizmetlerimizden baz\u0131lar\u0131: Varl\u0131k Y\u00f6netimi Gelir Getirmeyen Su Y\u00f6netimi \u0130\u00e7me Suyu ve At\u0131k Su \u015eebekeleri i\u00e7in Durum De\u011ferlendirme \u0130\u00e7me Suyu ve At\u0131k Su \u015eebekeleri i\u00e7in Yenileme Planlamas\u0131 [&hellip;]<\/p>\n","protected":false},"author":2,"featured_media":0,"parent":0,"menu_order":0,"comment_status":"closed","ping_status":"closed","template":"","meta":{"_et_pb_use_builder":"on","_et_pb_old_content":"","_et_gb_content_width":"","_monsterinsights_skip_tracking":false,"_monsterinsights_sitenote_active":false,"_monsterinsights_sitenote_note":"","_monsterinsights_sitenote_category":0,"footnotes":""},"class_list":["post-41","page","type-page","status-publish","hentry"],"aioseo_notices":[],"_links":{"self":[{"href":"https:\/\/www.torencon.com\/tr\/wp-json\/wp\/v2\/pages\/41","targetHints":{"allow":["GET"]}}],"collection":[{"href":"https:\/\/www.torencon.com\/tr\/wp-json\/wp\/v2\/pages"}],"about":[{"href":"https:\/\/www.torencon.com\/tr\/wp-json\/wp\/v2\/types\/page"}],"author":[{"embeddable":true,"href":"https:\/\/www.torencon.com\/tr\/wp-json\/wp\/v2\/users\/2"}],"replies":[{"embeddable":true,"href":"https:\/\/www.torencon.com\/tr\/wp-json\/wp\/v2\/comments?post=41"}],"version-history":[{"count":1,"href":"https:\/\/www.torencon.com\/tr\/wp-json\/wp\/v2\/pages\/41\/revisions"}],"predecessor-version":[{"id":867,"href":"https:\/\/www.torencon.com\/tr\/wp-json\/wp\/v2\/pages\/41\/revisions\/867"}],"wp:attachment":[{"href":"https:\/\/www.torencon.com\/tr\/wp-json\/wp\/v2\/media?parent=41"}],"curies":[{"name":"wp","href":"https:\/\/api.w.org\/{rel}","templated":true}]}}